{"id":2,"date":"2025-08-03T16:43:42","date_gmt":"2025-08-03T19:43:42","guid":{"rendered":"http:\/\/antonini.local\/culinaria\/?page_id=2"},"modified":"2025-08-03T20:39:37","modified_gmt":"2025-08-03T23:39:37","slug":"pagina-exemplo","status":"publish","type":"page","link":"https:\/\/culinaria.ddns.net\/","title":{"rendered":"P\u00e1gina inicial"},"content":{"rendered":"<p style=\"text-align: justify;\">O conte\u00fado deste dom\u00ednio foi transferido para o dom\u00ednio principal. Clique <a href=\"http:\/\/antonini.com.br\/\" target=\"_blank\" rel=\"noopener noreferrer\">aqui<\/a><\/p>\n<p style=\"text-align: center;\"><iframe loading=\"lazy\" src=\"\/\/www.youtube.com\/embed\/YXsCAXr9hPo\" allowfullscreen=\"allowfullscreen\" width=\"\" height=\"560\"><\/iframe><\/p>\n","protected":false},"excerpt":{"rendered":"<p>O conte\u00fado deste dom\u00ednio foi transferido para o dom\u00ednio principal. Clique aqui<\/p>\n","protected":false},"author":1,"featured_media":0,"parent":0,"menu_order":0,"comment_status":"closed","ping_status":"open","template":"","meta":{"ngg_post_thumbnail":0,"footnotes":""},"class_list":["post-2","page","type-page","status-publish","hentry"],"_links":{"self":[{"href":"https:\/\/culinaria.ddns.net\/index.php?rest_route=\/wp\/v2\/pages\/2","targetHints":{"allow":["GET"]}}],"collection":[{"href":"https:\/\/culinaria.ddns.net\/index.php?rest_route=\/wp\/v2\/pages"}],"about":[{"href":"https:\/\/culinaria.ddns.net\/index.php?rest_route=\/wp\/v2\/types\/page"}],"author":[{"embeddable":true,"href":"https:\/\/culinaria.ddns.net\/index.php?rest_route=\/wp\/v2\/users\/1"}],"replies":[{"embeddable":true,"href":"https:\/\/culinaria.ddns.net\/index.php?rest_route=%2Fwp%2Fv2%2Fcomments&post=2"}],"version-history":[{"count":1,"href":"https:\/\/culinaria.ddns.net\/index.php?rest_route=\/wp\/v2\/pages\/2\/revisions"}],"predecessor-version":[{"id":74820,"href":"https:\/\/culinaria.ddns.net\/index.php?rest_route=\/wp\/v2\/pages\/2\/revisions\/74820"}],"wp:attachment":[{"href":"https:\/\/culinaria.ddns.net\/index.php?rest_route=%2Fwp%2Fv2%2Fmedia&parent=2"}],"curies":[{"name":"wp","href":"https:\/\/api.w.org\/{rel}","templated":true}]}}